{"id":770,"date":"2024-11-08T11:09:39","date_gmt":"2024-11-08T10:09:39","guid":{"rendered":"https:\/\/www.smbhchauffeursdiensten.nl\/datenschutzbestimmungen\/"},"modified":"2024-12-09T11:19:30","modified_gmt":"2024-12-09T10:19:30","slug":"datenschutzbestimmungen","status":"publish","type":"page","link":"https:\/\/www.smbhchauffeursdiensten.nl\/de\/datenschutzbestimmungen\/","title":{"rendered":"Datenschutzbestimmungen"},"content":{"rendered":"\t\t<div data-elementor-type=\"wp-page\" data-elementor-id=\"770\" class=\"elementor elementor-770\" data-elementor-post-type=\"page\">\n\t\t\t\t\t\t<section class=\"elementor-section elementor-top-section elementor-element elementor-element-9a0d8ef elementor-section-boxed elementor-section-height-default elementor-section-height-default\" data-id=\"9a0d8ef\" data-element_type=\"section\" data-e-type=\"section\">\n\t\t\t\t\t\t<div class=\"elementor-container elementor-column-gap-default\">\n\t\t\t\t\t<div class=\"elementor-column elementor-col-100 elementor-top-column elementor-element elementor-element-7dd38a6\" data-id=\"7dd38a6\" data-element_type=\"column\" data-e-type=\"column\">\n\t\t\t<div class=\"elementor-widget-wrap elementor-element-populated\">\n\t\t\t\t\t\t<div class=\"elementor-element elementor-element-94302b5 elementor-widget elementor-widget-heading\" data-id=\"94302b5\" data-element_type=\"widget\" data-e-type=\"widget\" data-widget_type=\"heading.default\">\n\t\t\t\t<div class=\"elementor-widget-container\">\n\t\t\t\t\t<h1 class=\"elementor-heading-title elementor-size-default\">Datenschutzerkl\u00e4rung SMBH Chauffeur Services<\/h1>\t\t\t\t<\/div>\n\t\t\t\t<\/div>\n\t\t\t\t<div class=\"elementor-element elementor-element-b7665ec elementor-widget elementor-widget-text-editor\" data-id=\"b7665ec\" data-element_type=\"widget\" data-e-type=\"widget\" data-widget_type=\"text-editor.default\">\n\t\t\t\t<div class=\"elementor-widget-container\">\n\t\t\t\t\t\t\t\t\t<p><em>1. Mai 2018<\/em><\/p>\n<p>Ihre Privatsph\u00e4re ist f\u00fcr SMBH von gro\u00dfer Bedeutung. Deshalb halten wir uns an das Datenschutzgesetz. Das bedeutet, dass Ihre Daten bei uns sicher sind und dass wir sie stets ordnungsgem\u00e4\u00df verwenden. In dieser Datenschutzerkl\u00e4rung erl\u00e4utern wir alles, was wir auf der Website https:\/\/www.smbhchauffeursdiensten.nl mit den Informationen tun, die wir \u00fcber Sie erfahren.   <\/p>\n<p>Wenn Sie Fragen haben oder genau wissen m\u00f6chten, was wir \u00fcber Sie verfolgen, wenden Sie sich bitte an SMBH.<\/p>\n<p>S<strong>tatistiken und Profiling<\/strong> Wir f\u00fchren Statistiken \u00fcber die Nutzung unserer Website. Wir verwenden diese Statistiken, um unsere Website zu verbessern, z.B. um nur relevante Informationen anzuzeigen. Diese Daten werden anonymisiert erhoben, d.h. wir k\u00f6nnen keine pers\u00f6nlichen Daten miteinander kombinieren. Ihre Identit\u00e4t als Nutzer der Website bleibt daher zu jeder Zeit anonym.   <\/p>\n<p>K<strong>ontaktformular<\/strong> <strong>und<\/strong> <strong>Newsletter<\/strong> Mit dem Kontaktformular k\u00f6nnen Sie uns Fragen stellen oder W\u00fcnsche \u00e4u\u00dfern.<\/p>\n<p>Zu diesem Zweck verwenden wir Ihre E-Mail-Adresse, Ihre IP-Adresse, Ihre Telefonnummer und Ihre naw-Daten. Wir tun dies auf der Grundlage Ihrer Zustimmung. Wir bewahren diese Informationen auf, bis wir sicher sind, dass Sie mit unserer Antwort zufrieden sind.  <\/p>\n<p>Sie k\u00f6nnen sich f\u00fcr unseren Newsletter anmelden. Er enth\u00e4lt Neuigkeiten, Tipps und Informationen \u00fcber unsere Produkte und Dienstleistungen. Sie k\u00f6nnen dieses Abonnement jederzeit k\u00fcndigen. Jeder Newsletter enth\u00e4lt einen Link zum Abbestellen.<br \/>Sie k\u00f6nnen diesen auch \u00fcber Ihr Konto weiterleiten. Ihre E-Mail-Adresse wird nur mit Ihrer Zustimmung in die Liste der Abonnenten aufgenommen. Diese Daten werden aufbewahrt, bis Sie das Abonnement abbestellen.     <\/p>\n<p>W<strong>erbung<\/strong> Wir w\u00fcrden Ihnen gerne Werbung \u00fcber Angebote und neue Produkte oder Dienstleistungen schicken. Wir tun dies: <\/p>\n<ul>\n<li>per E-Mail<\/li>\n<li>\u00fcber soziale Medien<\/li>\n<li>per Telefon<\/li>\n<\/ul>\n<p>Sie k\u00f6nnen dieser Werbung jederzeit widersprechen. Jede E-Mail enth\u00e4lt einen Link zum Abbestellen. Sie k\u00f6nnen uns blockieren oder die Option zur Abmeldung nutzen. Sie k\u00f6nnen dies angeben, wenn Sie einen Anruf erhalten. \u00dcber Ihr Konto k\u00f6nnen Sie dies auch mitteilen.    <\/p>\n<p>W<strong>erbung<\/strong> Unsere Website kann allgemeine Werbung anzeigen. Dabei speichern wir keine pers\u00f6nlichen Daten, so dass wir nicht herausfinden, ob sie Ihnen gef\u00e4llt. <\/p>\n<p>W<strong>eitergabe an andere Unternehmen oder Institutionen<\/strong> Wir geben Ihre personenbezogenen Daten unter keinen Umst\u00e4nden an andere Unternehmen oder Institutionen weiter, es sei denn, dies ist f\u00fcr unsere Website erforderlich oder wir sind gesetzlich dazu verpflichtet (z.B. wenn die Polizei sie bei einem Verdacht auf ein Verbrechen anfordert).<\/p>\n<p>Unsere Website enth\u00e4lt Schaltfl\u00e4chen f\u00fcr soziale Medien. Mit diesen erheben die Betreiber dieser Dienste Ihre pers\u00f6nlichen Daten. <\/p>\n<p>C<strong>ookies<\/strong> Unsere Website verwendet Cookies. Cookies sind kleine Dateien, in denen wir Informationen speichern k\u00f6nnen, damit Sie sie nicht jedes Mal neu ausf\u00fcllen m\u00fcssen. Aber sie erm\u00f6glichen es uns auch zu sehen, wann Sie uns wieder besuchen.  <\/p>\n<p>Wenn Sie unsere Website zum ersten Mal besuchen, zeigen wir eine Nachricht an, in der wir Ihnen die Cookies erkl\u00e4ren. Dabei werden wir Sie um Ihre Zustimmung zur Verwendung dieser Cookies bitten. <\/p>\n<p>Sie k\u00f6nnen das Setzen von Cookies \u00fcber Ihren Browser deaktivieren, aber einige Dinge auf unserer Website werden dann nicht mehr richtig funktionieren.<\/p>\n<p>Wir haben Vereinbarungen mit anderen Unternehmen getroffen, die Cookies setzen. Dennoch haben wir keine vollst\u00e4ndige Kontrolle dar\u00fcber, was sie selbst mit den Cookies machen. Bitte lesen Sie daher auch deren Datenschutzerkl\u00e4rungen.  <\/p>\n<p>G<strong>oogle Analytics<\/strong> Wir verwenden Google Analytics, um zu verfolgen, wie Besucher unsere Website nutzen. Wir haben mit Google einen Vertrag zur Datenverarbeitung abgeschlossen. Diese enth\u00e4lt strenge Vereinbarungen dar\u00fcber, was sie verfolgen d\u00fcrfen. Wir haben Google nicht gestattet, die erhaltenen Analytics-Informationen f\u00fcr andere Google-Dienste zu verwenden.    Wir lassen Google die IP-Adressen anonymisieren.<\/p>\n<p>S<strong>icherheit<\/strong> Die Sicherheit pers\u00f6nlicher Daten ist f\u00fcr uns von gro\u00dfer Bedeutung. Wir sorgen daf\u00fcr, dass Ihre Daten bei uns gut gesch\u00fctzt sind. Wir passen die Sicherheit st\u00e4ndig an und achten genau darauf, was schief gehen kann.<\/p>\n<p>\u00c4nderungen an dieser Datenschutzerkl\u00e4rung <strong> Wenn sich unsere Website \u00e4ndert, m\u00fcssen wir nat\u00fcrlich auch die Datenschutzerkl\u00e4rung aktualisieren.<\/strong> Notieren Sie sich also immer das obige Datum und schauen Sie regelm\u00e4\u00dfig nach neuen Versionen. Wir werden unser Bestes tun, um \u00c4nderungen auch separat anzuk\u00fcndigen.<\/p>\n<p>E<strong>insicht, \u00c4nderung und L\u00f6schung Ihrer Daten<\/strong> Wenn Sie Fragen haben oder wissen m\u00f6chten, welche pers\u00f6nlichen Daten wir \u00fcber Sie gespeichert haben, k\u00f6nnen Sie sich jederzeit an uns wenden. Siehe Kontaktinformationen unten.<\/p>\n<p>Sie haben die folgenden Rechte:<\/p>\n<ul>\n<li>eine Erkl\u00e4rung dar\u00fcber zu erhalten, welche pers\u00f6nlichen Daten wir haben und was wir mit ihnen tun<\/li>\n<li>Zugang zu den genauen pers\u00f6nlichen Daten, \u00fcber die wir verf\u00fcgen<\/li>\n<li>Fehler berichtigen lassen<\/li>\n<li>die L\u00f6schung veralteter pers\u00f6nlicher Daten<\/li>\n<li>Widerruf der Zustimmung<\/li>\n<li>gegen eine bestimmte Verwendung Einspruch erheben<\/li>\n<\/ul>\n<p>Stellen Sie sicher, dass Sie immer deutlich angeben, wer Sie sind, damit wir sicher sein k\u00f6nnen, dass wir nicht die Daten der falschen Person bearbeiten oder l\u00f6schen.<\/p>\n<p>R<strong>eichen Sie eine Beschwerde ein<\/strong> Wenn Sie das Gef\u00fchl haben, dass wir Ihnen nicht richtig helfen, haben Sie das Recht, eine Beschwerde bei der Aufsichtsbeh\u00f6rde einzureichen. Sie wird als Beh\u00f6rde f\u00fcr personenbezogene Daten bezeichnet.<\/p>\n<p><strong><\/p>\n<p><\/strong><\/p>\n<p>K<strong>ontaktinformationen SMBH chauffeursdiensten<\/strong>Tielsestraat 182 6673 AE Andelst info@smbh.nl 06 10 632 625<strong><\/strong><\/p>\n\t\t\t\t\t\t\t\t<\/div>\n\t\t\t\t<\/div>\n\t\t\t\t\t<\/div>\n\t\t<\/div>\n\t\t\t\t\t<\/div>\n\t\t<\/section>\n\t\t\t\t<\/div>\n\t\t","protected":false},"excerpt":{"rendered":"<p>Datenschutzerkl\u00e4rung SMBH Chauffeur Services 1. Mai 2018 Ihre Privatsph\u00e4re ist f\u00fcr SMBH von gro\u00dfer Bedeutung. Deshalb halten wir uns an das Datenschutzgesetz. Das bedeutet, dass Ihre Daten bei uns sicher sind und dass wir sie stets ordnungsgem\u00e4\u00df verwenden. In dieser Datenschutzerkl\u00e4rung erl\u00e4utern wir alles, was wir auf der Website https:\/\/www.smbhchauffeursdiensten.nl mit den Informationen tun, die [&hellip;]<\/p>\n","protected":false},"author":1,"featured_media":0,"parent":0,"menu_order":0,"comment_status":"closed","ping_status":"closed","template":"","meta":{"site-sidebar-layout":"no-sidebar","site-content-layout":"page-builder","ast-site-content-layout":"full-width-container","site-content-style":"default","site-sidebar-style":"default","ast-global-header-display":"","ast-banner-title-visibility":"","ast-main-header-display":"","ast-hfb-above-header-display":"","ast-hfb-below-header-display":"","ast-hfb-mobile-header-display":"","site-post-title":"disabled","ast-breadcrumbs-content":"","ast-featured-img":"disabled","footer-sml-layout":"","ast-disable-related-posts":"","theme-transparent-header-meta":"","adv-header-id-meta":"","stick-header-meta":"","header-above-stick-meta":"","header-main-stick-meta":"","header-below-stick-meta":"","astra-migrate-meta-layouts":"default","ast-page-background-enabled":"default","ast-page-background-meta":{"desktop":{"background-color":"var(--ast-global-color-4)","background-image":"","background-repeat":"repeat","background-position":"center center","background-size":"auto","background-attachment":"scroll","background-type":"","background-media":"","overlay-type":"","overlay-color":"","overlay-opacity":"","overlay-gradient":""},"tablet":{"background-color":"","background-image":"","background-repeat":"repeat","background-position":"center center","background-size":"auto","background-attachment":"scroll","background-type":"","background-media":"","overlay-type":"","overlay-color":"","overlay-opacity":"","overlay-gradient":""},"mobile":{"background-color":"","background-image":"","background-repeat":"repeat","background-position":"center center","background-size":"auto","background-attachment":"scroll","background-type":"","background-media":"","overlay-type":"","overlay-color":"","overlay-opacity":"","overlay-gradient":""}},"ast-content-background-meta":{"desktop":{"background-color":"var(--ast-global-color-5)","background-image":"","background-repeat":"repeat","background-position":"center center","background-size":"auto","background-attachment":"scroll","background-type":"","background-media":"","overlay-type":"","overlay-color":"","overlay-opacity":"","overlay-gradient":""},"tablet":{"background-color":"var(--ast-global-color-5)","background-image":"","background-repeat":"repeat","background-position":"center center","background-size":"auto","background-attachment":"scroll","background-type":"","background-media":"","overlay-type":"","overlay-color":"","overlay-opacity":"","overlay-gradient":""},"mobile":{"background-color":"var(--ast-global-color-5)","background-image":"","background-repeat":"repeat","background-position":"center center","background-size":"auto","background-attachment":"scroll","background-type":"","background-media":"","overlay-type":"","overlay-color":"","overlay-opacity":"","overlay-gradient":""}},"footnotes":""},"class_list":["post-770","page","type-page","status-publish","hentry"],"yoast_head":"<!-- This site is optimized with the Yoast SEO plugin v27.4 - https:\/\/yoast.com\/product\/yoast-seo-wordpress\/ -->\n<title>Datenschutzbestimmungen - SMBH Chauffeursdiensten<\/title>\n<meta name=\"robots\" content=\"index, follow, max-snippet:-1, max-image-preview:large, max-video-preview:-1\" \/>\n<link rel=\"canonical\" href=\"https:\/\/www.smbhchauffeursdiensten.nl\/de\/datenschutzbestimmungen\/\" \/>\n<meta property=\"og:locale\" content=\"de_DE\" \/>\n<meta property=\"og:type\" content=\"article\" \/>\n<meta property=\"og:title\" content=\"Datenschutzbestimmungen - SMBH Chauffeursdiensten\" \/>\n<meta property=\"og:description\" content=\"Datenschutzerkl\u00e4rung SMBH Chauffeur Services 1. Mai 2018 Ihre Privatsph\u00e4re ist f\u00fcr SMBH von gro\u00dfer Bedeutung. Deshalb halten wir uns an das Datenschutzgesetz. Das bedeutet, dass Ihre Daten bei uns sicher sind und dass wir sie stets ordnungsgem\u00e4\u00df verwenden. In dieser Datenschutzerkl\u00e4rung erl\u00e4utern wir alles, was wir auf der Website https:\/\/www.smbhchauffeursdiensten.nl mit den Informationen tun, die [&hellip;]\" \/>\n<meta property=\"og:url\" content=\"https:\/\/www.smbhchauffeursdiensten.nl\/de\/datenschutzbestimmungen\/\" \/>\n<meta property=\"og:site_name\" content=\"SMBH Chauffeursdiensten\" \/>\n<meta property=\"article:modified_time\" content=\"2024-12-09T10:19:30+00:00\" \/>\n<meta name=\"twitter:card\" content=\"summary_large_image\" \/>\n<meta name=\"twitter:label1\" content=\"Gesch\u00e4tzte Lesezeit\" \/>\n\t<meta name=\"twitter:data1\" content=\"4\u00a0Minuten\" \/>\n<script type=\"application\/ld+json\" class=\"yoast-schema-graph\">{\"@context\":\"https:\\\/\\\/schema.org\",\"@graph\":[{\"@type\":\"WebPage\",\"@id\":\"https:\\\/\\\/www.smbhchauffeursdiensten.nl\\\/de\\\/datenschutzbestimmungen\\\/\",\"url\":\"https:\\\/\\\/www.smbhchauffeursdiensten.nl\\\/de\\\/datenschutzbestimmungen\\\/\",\"name\":\"Datenschutzbestimmungen - SMBH Chauffeursdiensten\",\"isPartOf\":{\"@id\":\"https:\\\/\\\/www.smbhchauffeursdiensten.nl\\\/#website\"},\"datePublished\":\"2024-11-08T10:09:39+00:00\",\"dateModified\":\"2024-12-09T10:19:30+00:00\",\"breadcrumb\":{\"@id\":\"https:\\\/\\\/www.smbhchauffeursdiensten.nl\\\/de\\\/datenschutzbestimmungen\\\/#breadcrumb\"},\"inLanguage\":\"de\",\"potentialAction\":[{\"@type\":\"ReadAction\",\"target\":[\"https:\\\/\\\/www.smbhchauffeursdiensten.nl\\\/de\\\/datenschutzbestimmungen\\\/\"]}]},{\"@type\":\"BreadcrumbList\",\"@id\":\"https:\\\/\\\/www.smbhchauffeursdiensten.nl\\\/de\\\/datenschutzbestimmungen\\\/#breadcrumb\",\"itemListElement\":[{\"@type\":\"ListItem\",\"position\":1,\"name\":\"Home\",\"item\":\"https:\\\/\\\/www.smbhchauffeursdiensten.nl\\\/de\\\/startseite\\\/\"},{\"@type\":\"ListItem\",\"position\":2,\"name\":\"Datenschutzbestimmungen\"}]},{\"@type\":\"WebSite\",\"@id\":\"https:\\\/\\\/www.smbhchauffeursdiensten.nl\\\/#website\",\"url\":\"https:\\\/\\\/www.smbhchauffeursdiensten.nl\\\/\",\"name\":\"SMBH Chauffeursdiensten\",\"description\":\"\",\"publisher\":{\"@id\":\"https:\\\/\\\/www.smbhchauffeursdiensten.nl\\\/#organization\"},\"potentialAction\":[{\"@type\":\"SearchAction\",\"target\":{\"@type\":\"EntryPoint\",\"urlTemplate\":\"https:\\\/\\\/www.smbhchauffeursdiensten.nl\\\/?s={search_term_string}\"},\"query-input\":{\"@type\":\"PropertyValueSpecification\",\"valueRequired\":true,\"valueName\":\"search_term_string\"}}],\"inLanguage\":\"de\"},{\"@type\":\"Organization\",\"@id\":\"https:\\\/\\\/www.smbhchauffeursdiensten.nl\\\/#organization\",\"name\":\"SMBH Chauffeursdiensten\",\"url\":\"https:\\\/\\\/www.smbhchauffeursdiensten.nl\\\/\",\"logo\":{\"@type\":\"ImageObject\",\"inLanguage\":\"de\",\"@id\":\"https:\\\/\\\/www.smbhchauffeursdiensten.nl\\\/#\\\/schema\\\/logo\\\/image\\\/\",\"url\":\"https:\\\/\\\/www.smbhchauffeursdiensten.nl\\\/wp-content\\\/uploads\\\/2022\\\/12\\\/1706125400835.png\",\"contentUrl\":\"https:\\\/\\\/www.smbhchauffeursdiensten.nl\\\/wp-content\\\/uploads\\\/2022\\\/12\\\/1706125400835.png\",\"width\":799,\"height\":200,\"caption\":\"SMBH Chauffeursdiensten\"},\"image\":{\"@id\":\"https:\\\/\\\/www.smbhchauffeursdiensten.nl\\\/#\\\/schema\\\/logo\\\/image\\\/\"}}]}<\/script>\n<!-- \/ Yoast SEO plugin. -->","yoast_head_json":{"title":"Datenschutzbestimmungen - SMBH Chauffeursdiensten","robots":{"index":"index","follow":"follow","max-snippet":"max-snippet:-1","max-image-preview":"max-image-preview:large","max-video-preview":"max-video-preview:-1"},"canonical":"https:\/\/www.smbhchauffeursdiensten.nl\/de\/datenschutzbestimmungen\/","og_locale":"de_DE","og_type":"article","og_title":"Datenschutzbestimmungen - SMBH Chauffeursdiensten","og_description":"Datenschutzerkl\u00e4rung SMBH Chauffeur Services 1. Mai 2018 Ihre Privatsph\u00e4re ist f\u00fcr SMBH von gro\u00dfer Bedeutung. Deshalb halten wir uns an das Datenschutzgesetz. Das bedeutet, dass Ihre Daten bei uns sicher sind und dass wir sie stets ordnungsgem\u00e4\u00df verwenden. In dieser Datenschutzerkl\u00e4rung erl\u00e4utern wir alles, was wir auf der Website https:\/\/www.smbhchauffeursdiensten.nl mit den Informationen tun, die [&hellip;]","og_url":"https:\/\/www.smbhchauffeursdiensten.nl\/de\/datenschutzbestimmungen\/","og_site_name":"SMBH Chauffeursdiensten","article_modified_time":"2024-12-09T10:19:30+00:00","twitter_card":"summary_large_image","twitter_misc":{"Gesch\u00e4tzte Lesezeit":"4\u00a0Minuten"},"schema":{"@context":"https:\/\/schema.org","@graph":[{"@type":"WebPage","@id":"https:\/\/www.smbhchauffeursdiensten.nl\/de\/datenschutzbestimmungen\/","url":"https:\/\/www.smbhchauffeursdiensten.nl\/de\/datenschutzbestimmungen\/","name":"Datenschutzbestimmungen - SMBH Chauffeursdiensten","isPartOf":{"@id":"https:\/\/www.smbhchauffeursdiensten.nl\/#website"},"datePublished":"2024-11-08T10:09:39+00:00","dateModified":"2024-12-09T10:19:30+00:00","breadcrumb":{"@id":"https:\/\/www.smbhchauffeursdiensten.nl\/de\/datenschutzbestimmungen\/#breadcrumb"},"inLanguage":"de","potentialAction":[{"@type":"ReadAction","target":["https:\/\/www.smbhchauffeursdiensten.nl\/de\/datenschutzbestimmungen\/"]}]},{"@type":"BreadcrumbList","@id":"https:\/\/www.smbhchauffeursdiensten.nl\/de\/datenschutzbestimmungen\/#breadcrumb","itemListElement":[{"@type":"ListItem","position":1,"name":"Home","item":"https:\/\/www.smbhchauffeursdiensten.nl\/de\/startseite\/"},{"@type":"ListItem","position":2,"name":"Datenschutzbestimmungen"}]},{"@type":"WebSite","@id":"https:\/\/www.smbhchauffeursdiensten.nl\/#website","url":"https:\/\/www.smbhchauffeursdiensten.nl\/","name":"SMBH Chauffeursdiensten","description":"","publisher":{"@id":"https:\/\/www.smbhchauffeursdiensten.nl\/#organization"},"potentialAction":[{"@type":"SearchAction","target":{"@type":"EntryPoint","urlTemplate":"https:\/\/www.smbhchauffeursdiensten.nl\/?s={search_term_string}"},"query-input":{"@type":"PropertyValueSpecification","valueRequired":true,"valueName":"search_term_string"}}],"inLanguage":"de"},{"@type":"Organization","@id":"https:\/\/www.smbhchauffeursdiensten.nl\/#organization","name":"SMBH Chauffeursdiensten","url":"https:\/\/www.smbhchauffeursdiensten.nl\/","logo":{"@type":"ImageObject","inLanguage":"de","@id":"https:\/\/www.smbhchauffeursdiensten.nl\/#\/schema\/logo\/image\/","url":"https:\/\/www.smbhchauffeursdiensten.nl\/wp-content\/uploads\/2022\/12\/1706125400835.png","contentUrl":"https:\/\/www.smbhchauffeursdiensten.nl\/wp-content\/uploads\/2022\/12\/1706125400835.png","width":799,"height":200,"caption":"SMBH Chauffeursdiensten"},"image":{"@id":"https:\/\/www.smbhchauffeursdiensten.nl\/#\/schema\/logo\/image\/"}}]}},"_links":{"self":[{"href":"https:\/\/www.smbhchauffeursdiensten.nl\/de\/wp-json\/wp\/v2\/pages\/770","targetHints":{"allow":["GET"]}}],"collection":[{"href":"https:\/\/www.smbhchauffeursdiensten.nl\/de\/wp-json\/wp\/v2\/pages"}],"about":[{"href":"https:\/\/www.smbhchauffeursdiensten.nl\/de\/wp-json\/wp\/v2\/types\/page"}],"author":[{"embeddable":true,"href":"https:\/\/www.smbhchauffeursdiensten.nl\/de\/wp-json\/wp\/v2\/users\/1"}],"replies":[{"embeddable":true,"href":"https:\/\/www.smbhchauffeursdiensten.nl\/de\/wp-json\/wp\/v2\/comments?post=770"}],"version-history":[{"count":1,"href":"https:\/\/www.smbhchauffeursdiensten.nl\/de\/wp-json\/wp\/v2\/pages\/770\/revisions"}],"predecessor-version":[{"id":771,"href":"https:\/\/www.smbhchauffeursdiensten.nl\/de\/wp-json\/wp\/v2\/pages\/770\/revisions\/771"}],"wp:attachment":[{"href":"https:\/\/www.smbhchauffeursdiensten.nl\/de\/wp-json\/wp\/v2\/media?parent=770"}],"curies":[{"name":"wp","href":"https:\/\/api.w.org\/{rel}","templated":true}]}}